{"id":3367,"date":"2023-02-25T13:43:10","date_gmt":"2023-02-25T18:43:10","guid":{"rendered":"https:\/\/dekhockeykirkland.ca\/?page_id=3367"},"modified":"2026-01-13T16:36:18","modified_gmt":"2026-01-13T21:36:18","slug":"guide-du-capitaine","status":"publish","type":"page","link":"https:\/\/dekhockeykirkland.ca\/fr\/guide-du-capitaine\/","title":{"rendered":"Guide Du Capitaine"},"content":{"rendered":"<p><span style=\"font-size: 14pt\"><strong>Salutations aux joueurs ! \ud83d\udc4b<\/strong><\/span><\/p>\n<p>Voici la liste des choses que vous devez savoir et faire pour inscrire votre \u00e9quipe \u00e0 la ligue Dek Hockey Kirkland !<\/p>\n<p>\ud83d\udc49 CE QUE VOUS DEVEZ FAIRE POUR R\u00c9SERVER UNE PLACE POUR VOTRE \u00c9QUIPE :<\/p>\n<p>Premi\u00e8rement : Vous devez remplir le formulaire d&rsquo;inscription de l&rsquo;\u00e9quipe (m\u00eame si ce n\u2019est pas final pour votre \u00e9quipe, juste remplir l\u2019essentiel)\u00a0 :<\/p>\n<p>\u2705 VOICI LES \u00c9TAPES \u00c0 SUIVRE :<\/p>\n<p>Allez sur le lien suivant :\u00a0<a href=\"https:\/\/dekhockeykirkland.ca\/secure\">https:\/\/dekhockeykirkland.ca\/secure<\/a><\/p>\n<p>1) Cr\u00e9ez un compte ! (Cela prend 2 min.)<\/p>\n<p>2) Apr\u00e8s avoir cr\u00e9\u00e9 un compte, connectez-vous \u00e0 votre compte<\/p>\n<p>3) Cliquez sur FORMULAIRES : CHOISIR \u00a0\u00bb Inscription Saison \u00c9t\u00e9 2026 \u00ab\u00a0.<\/p>\n<p>4) CLIQUEZ SUR \u00ab\u00a0Ajouter une inscription\u00a0\u00bb.<\/p>\n<p>5) CHOISISSEZ &lsquo; Saison \u00c9t\u00e9 2026&rsquo; et la division dans laquelle vous souhaitez inscrire votre \u00e9quipe.<\/p>\n<p>6) REMPLISSEZ LE FORMULAIRE avec le nom de votre \u00e9quipe et les informations sur le capitaine.<\/p>\n<p>7) Une fois votre alignement est approuv\u00e9e, tu peux le rentrer : CHOISIR LE CARR\u00c9 ALIGNEMENT ET RENTRE TON ALIGNEMENT \u2013 Sinon, tu peux le rentrer plus tard avant le d\u00e9but de la saison.<\/p>\n<p><strong>IMPORTANT<\/strong> : *Pour ceux qui rentre leur alignement, les joueurs n\u2019appara\u00eetront pas s\u2019ils n\u2019ont pas un profil CotesDekHockey actif, si c\u2019est le cas envoie ce lien \u00e0 tes joueurs qui n\u2019ont pas de lien actif, ils doivent se cr\u00e9er un compte:\ud83d\udc47<\/p>\n<p><a href=\"https:\/\/centraledek.com\">https:\/\/centraledek.com<\/a><\/p>\n","protected":false},"excerpt":{"rendered":"<p>Salutations aux joueurs ! \ud83d\udc4b Voici la liste des choses que vous devez savoir et faire pour inscrire votre \u00e9quipe \u00e0 la ligue Dek Hockey Kirkland ! \ud83d\udc49 CE QUE VOUS DEVEZ FAIRE POUR R\u00c9SERVER UNE PLACE POUR VOTRE \u00c9QUIPE : Premi\u00e8rement : Vous devez remplir le formulaire d&rsquo;inscription de l&rsquo;\u00e9quipe (m\u00eame si ce n\u2019est [&hellip;]<\/p>\n","protected":false},"author":529,"featured_media":0,"parent":0,"menu_order":0,"comment_status":"closed","ping_status":"closed","template":"","meta":{"_acf_changed":false,"footnotes":""},"class_list":["post-3367","page","type-page","status-publish","hentry"],"acf":[],"yoast_head":"<!-- This site is optimized with the Yoast SEO plugin v25.7 - https:\/\/yoast.com\/wordpress\/plugins\/seo\/ -->\n<title>Guide Du Capitaine - DekHockey Kirkland<\/title>\n<meta name=\"robots\" content=\"index, follow, max-snippet:-1, max-image-preview:large, max-video-preview:-1\" \/>\n<link rel=\"canonical\" href=\"https:\/\/dekhockeykirkland.ca\/fr\/guide-du-capitaine\/\" \/>\n<meta property=\"og:locale\" content=\"fr_FR\" \/>\n<meta property=\"og:type\" content=\"article\" \/>\n<meta property=\"og:title\" content=\"Guide Du Capitaine - DekHockey Kirkland\" \/>\n<meta property=\"og:description\" content=\"Salutations aux joueurs ! \ud83d\udc4b Voici la liste des choses que vous devez savoir et faire pour inscrire votre \u00e9quipe \u00e0 la ligue Dek Hockey Kirkland ! \ud83d\udc49 CE QUE VOUS DEVEZ FAIRE POUR R\u00c9SERVER UNE PLACE POUR VOTRE \u00c9QUIPE : Premi\u00e8rement : Vous devez remplir le formulaire d&rsquo;inscription de l&rsquo;\u00e9quipe (m\u00eame si ce n\u2019est [&hellip;]\" \/>\n<meta property=\"og:url\" content=\"https:\/\/dekhockeykirkland.ca\/fr\/guide-du-capitaine\/\" \/>\n<meta property=\"og:site_name\" content=\"DekHockey Kirkland\" \/>\n<meta property=\"article:modified_time\" content=\"2026-01-13T21:36:18+00:00\" \/>\n<meta name=\"twitter:card\" content=\"summary_large_image\" \/>\n<meta name=\"twitter:label1\" content=\"Dur\u00e9e de lecture estim\u00e9e\" \/>\n\t<meta name=\"twitter:data1\" content=\"1 minute\" \/>\n<script type=\"application\/ld+json\" class=\"yoast-schema-graph\">{\"@context\":\"https:\/\/schema.org\",\"@graph\":[{\"@type\":\"WebPage\",\"@id\":\"https:\/\/dekhockeykirkland.ca\/fr\/guide-du-capitaine\/\",\"url\":\"https:\/\/dekhockeykirkland.ca\/fr\/guide-du-capitaine\/\",\"name\":\"Guide Du Capitaine - DekHockey Kirkland\",\"isPartOf\":{\"@id\":\"https:\/\/dekhockeykirkland.ca\/#website\"},\"datePublished\":\"2023-02-25T18:43:10+00:00\",\"dateModified\":\"2026-01-13T21:36:18+00:00\",\"breadcrumb\":{\"@id\":\"https:\/\/dekhockeykirkland.ca\/fr\/guide-du-capitaine\/#breadcrumb\"},\"inLanguage\":\"fr-FR\",\"potentialAction\":[{\"@type\":\"ReadAction\",\"target\":[\"https:\/\/dekhockeykirkland.ca\/fr\/guide-du-capitaine\/\"]}]},{\"@type\":\"BreadcrumbList\",\"@id\":\"https:\/\/dekhockeykirkland.ca\/fr\/guide-du-capitaine\/#breadcrumb\",\"itemListElement\":[{\"@type\":\"ListItem\",\"position\":1,\"name\":\"Accueil\",\"item\":\"https:\/\/dekhockeykirkland.ca\/fr\/\"},{\"@type\":\"ListItem\",\"position\":2,\"name\":\"Guide Du Capitaine\"}]},{\"@type\":\"WebSite\",\"@id\":\"https:\/\/dekhockeykirkland.ca\/#website\",\"url\":\"https:\/\/dekhockeykirkland.ca\/\",\"name\":\"DekHockey Kirkland\",\"description\":\"Un site utilisant Les sites de Shark M\u00e9dia &amp; Sport, template Slapshot\",\"potentialAction\":[{\"@type\":\"SearchAction\",\"target\":{\"@type\":\"EntryPoint\",\"urlTemplate\":\"https:\/\/dekhockeykirkland.ca\/?s={search_term_string}\"},\"query-input\":{\"@type\":\"PropertyValueSpecification\",\"valueRequired\":true,\"valueName\":\"search_term_string\"}}],\"inLanguage\":\"fr-FR\"}]}<\/script>\n<!-- \/ Yoast SEO plugin. -->","yoast_head_json":{"title":"Guide Du Capitaine - DekHockey Kirkland","robots":{"index":"index","follow":"follow","max-snippet":"max-snippet:-1","max-image-preview":"max-image-preview:large","max-video-preview":"max-video-preview:-1"},"canonical":"https:\/\/dekhockeykirkland.ca\/fr\/guide-du-capitaine\/","og_locale":"fr_FR","og_type":"article","og_title":"Guide Du Capitaine - DekHockey Kirkland","og_description":"Salutations aux joueurs ! \ud83d\udc4b Voici la liste des choses que vous devez savoir et faire pour inscrire votre \u00e9quipe \u00e0 la ligue Dek Hockey Kirkland ! \ud83d\udc49 CE QUE VOUS DEVEZ FAIRE POUR R\u00c9SERVER UNE PLACE POUR VOTRE \u00c9QUIPE : Premi\u00e8rement : Vous devez remplir le formulaire d&rsquo;inscription de l&rsquo;\u00e9quipe (m\u00eame si ce n\u2019est [&hellip;]","og_url":"https:\/\/dekhockeykirkland.ca\/fr\/guide-du-capitaine\/","og_site_name":"DekHockey Kirkland","article_modified_time":"2026-01-13T21:36:18+00:00","twitter_card":"summary_large_image","twitter_misc":{"Dur\u00e9e de lecture estim\u00e9e":"1 minute"},"schema":{"@context":"https:\/\/schema.org","@graph":[{"@type":"WebPage","@id":"https:\/\/dekhockeykirkland.ca\/fr\/guide-du-capitaine\/","url":"https:\/\/dekhockeykirkland.ca\/fr\/guide-du-capitaine\/","name":"Guide Du Capitaine - DekHockey Kirkland","isPartOf":{"@id":"https:\/\/dekhockeykirkland.ca\/#website"},"datePublished":"2023-02-25T18:43:10+00:00","dateModified":"2026-01-13T21:36:18+00:00","breadcrumb":{"@id":"https:\/\/dekhockeykirkland.ca\/fr\/guide-du-capitaine\/#breadcrumb"},"inLanguage":"fr-FR","potentialAction":[{"@type":"ReadAction","target":["https:\/\/dekhockeykirkland.ca\/fr\/guide-du-capitaine\/"]}]},{"@type":"BreadcrumbList","@id":"https:\/\/dekhockeykirkland.ca\/fr\/guide-du-capitaine\/#breadcrumb","itemListElement":[{"@type":"ListItem","position":1,"name":"Accueil","item":"https:\/\/dekhockeykirkland.ca\/fr\/"},{"@type":"ListItem","position":2,"name":"Guide Du Capitaine"}]},{"@type":"WebSite","@id":"https:\/\/dekhockeykirkland.ca\/#website","url":"https:\/\/dekhockeykirkland.ca\/","name":"DekHockey Kirkland","description":"Un site utilisant Les sites de Shark M\u00e9dia &amp; Sport, template Slapshot","potentialAction":[{"@type":"SearchAction","target":{"@type":"EntryPoint","urlTemplate":"https:\/\/dekhockeykirkland.ca\/?s={search_term_string}"},"query-input":{"@type":"PropertyValueSpecification","valueRequired":true,"valueName":"search_term_string"}}],"inLanguage":"fr-FR"}]}},"_links":{"self":[{"href":"https:\/\/dekhockeykirkland.ca\/fr\/wp-json\/wp\/v2\/pages\/3367","targetHints":{"allow":["GET"]}}],"collection":[{"href":"https:\/\/dekhockeykirkland.ca\/fr\/wp-json\/wp\/v2\/pages"}],"about":[{"href":"https:\/\/dekhockeykirkland.ca\/fr\/wp-json\/wp\/v2\/types\/page"}],"author":[{"embeddable":true,"href":"https:\/\/dekhockeykirkland.ca\/fr\/wp-json\/wp\/v2\/users\/529"}],"replies":[{"embeddable":true,"href":"https:\/\/dekhockeykirkland.ca\/fr\/wp-json\/wp\/v2\/comments?post=3367"}],"version-history":[{"count":9,"href":"https:\/\/dekhockeykirkland.ca\/fr\/wp-json\/wp\/v2\/pages\/3367\/revisions"}],"predecessor-version":[{"id":3942,"href":"https:\/\/dekhockeykirkland.ca\/fr\/wp-json\/wp\/v2\/pages\/3367\/revisions\/3942"}],"wp:attachment":[{"href":"https:\/\/dekhockeykirkland.ca\/fr\/wp-json\/wp\/v2\/media?parent=3367"}],"curies":[{"name":"wp","href":"https:\/\/api.w.org\/{rel}","templated":true}]}}